{"id":7466,"date":"2019-07-01T10:02:03","date_gmt":"2019-07-01T08:02:03","guid":{"rendered":"https:\/\/wncri.org\/frdev\/?page_id=7466"},"modified":"2023-03-11T18:35:09","modified_gmt":"2023-03-11T17:35:09","slug":"plan-des-libertes-et-des-droits-des-femmes","status":"publish","type":"page","link":"https:\/\/wncri.org\/fr\/plan-des-libertes-et-des-droits-des-femmes\/","title":{"rendered":"Plan des libert\u00e9s et des droits des femmes dans l&#8217;Iran libre de demain"},"content":{"rendered":"<div class=\"wpb-content-wrapper\"><p>[vc_row][vc_column][vc_column_text]<\/p>\n<h3>Plan des libert\u00e9s et des droits des femmes dans l\u2019iran libre de demain<\/h3>\n<p>En 1987, le Conseil national de la R\u00e9sistance iranienne a adopt\u00e9 \u00e0 l\u2019unanimit\u00e9 le plan sur les libert\u00e9s et les droits des femmes. En mars 2010, dans une conf\u00e9rence au Parlement europ\u00e9en intitul\u00e9e \u00ab Les femmes \u00e0 l\u2019avant-garde d\u2019un changement d\u00e9mocratique en Iran \u00bb, <a href=\"https:\/\/www.maryam-rajavi.com\/fr\/points-de-vue\/droits-femmes-en-iran\/\" target=\"_blank\" rel=\"noopener\">Maryam Radjavi<\/a> a pr\u00e9sent\u00e9 les <a href=\"https:\/\/wncri.org\/fr\/2021\/10\/19\/maryam-radjavi-entame-une-refonte-majeure-menant-a-un-iran-libre\/\" target=\"_blank\" rel=\"noopener\">points de vue<\/a> de la R\u00e9sistance iranienne \u00e0 ce sujet.<\/p>\n<p>&nbsp;<\/p>\n<p><strong>A- Les principes :<\/strong><\/p>\n<p>1- L\u2019abolition et la suppression de toutes les formes d\u2019oppression, de contrainte et de discrimination impos\u00e9es par le r\u00e9gime r\u00e9actionnaire de Khomeiny (la charia des mollahs) aux femmes en Iran, et l\u2019adh\u00e9sion \u00e0 toutes les libert\u00e9s et \u00e0 tous les droits des femmes tels que stipul\u00e9s dans la <a href=\"https:\/\/www.un.org\/fr\/about-us\/universal-declaration-of-human-rights\" target=\"_blank\" rel=\"noopener\">D\u00e9claration universelle des droits de l\u2019Homme<\/a>, la <a href=\"https:\/\/www.ohchr.org\/fr\/instruments-mechanisms\/instruments\/convention-elimination-all-forms-discrimination-against-women\" target=\"_blank\" rel=\"noopener\">Convention sur l\u2019\u00e9limination<\/a> de toutes les formes de discrimination \u00e0 l\u2019\u00e9gard des femmes et la D\u00e9claration sur l\u2019\u00e9limination de la violence \u00e0 l\u2019\u00e9gard des femmes approuv\u00e9e par l\u2019Assembl\u00e9e g\u00e9n\u00e9rale de l\u2019ONU en d\u00e9cembre 1993.<\/p>\n<p>2- Souligner l\u2019\u00e9galit\u00e9 pleine et enti\u00e8re des droits sociaux, politiques, culturels et \u00e9conomiques entre les femmes et les hommes.<\/p>\n<p>3- La pleine jouissance des droits de toutes les femmes du pays, d\u00e9livr\u00e9es de toute in\u00e9galit\u00e9 et de toute limitation li\u00e9e \u00e0 l\u2019exploitation, ainsi que le rejet de toute perception des femmes comme une marchandise.<\/p>\n<p>&nbsp;<\/p>\n<p><strong>B \u2013 Les articles les plus importants des libert\u00e9s et droits des femmes dans l\u2019Iran libre de demain :<\/strong><\/p>\n<p>1- Le droit d\u2019\u00e9lire et d\u2019\u00eatre \u00e9lue dans toutes les \u00e9lections.<\/p>\n<p>2- Le droit \u00e0 l\u2019emploi et au libre choix de la profession, et le droit d\u2019occuper <a href=\"https:\/\/wncri.org\/fr\/2021\/08\/04\/les-femmes-a-la-tete-de-la-force-du-changement-en-iran\/\" target=\"_blank\" rel=\"noopener\">tout poste ou fonction<\/a>, public ou gouvernemental, y compris la pr\u00e9sidence de la r\u00e9publique (et donc le <a href=\"https:\/\/wncri.org\/fr\/2021\/09\/06\/lompi-mek-reelit-zahra-merrikhi-au-poste-de-secretaire-generale\/\" target=\"_blank\" rel=\"noopener\">leadership politique<\/a>) et la magistrature dans toutes les institutions judiciaires.<\/p>\n<p>3- Le droit \u00e0 la libre activit\u00e9 politique et sociale, aux d\u00e9placements et aux voyages sans l\u2019autorisation d\u2019un tiers.<\/p>\n<p>4- Le droit de choisir librement sa tenue vestimentaire.<\/p>\n<p>5- Le droit d\u2019utiliser, sans discrimination, tous les moyens p\u00e9dagogiques, \u00e9ducatives, sportives et artistiques ; et le droit de participer \u00e0 toutes les comp\u00e9titions sportives et activit\u00e9s artistiques.<\/p>\n<p>6- Reconnaissance des associations de femmes et soutien \u00e0 leur formation volontaire dans tout le pays ; prise en compte de privil\u00e8ges sp\u00e9ciaux dans les<\/p>\n<p>divers domaines sociaux, administratifs, culturels et notamment \u00e9ducatifs afin d\u2019abolir l\u2019in\u00e9galit\u00e9 et la double oppression des femmes.<\/p>\n<p>7- Un salaire \u00e9gal \u00e0 travail \u00e9gal ; Interdiction de la discrimination \u00e0 l\u2019embauche et pendant l\u2019emploi ; \u00e9galit\u00e9 d\u2019acc\u00e8s \u00e0 divers avantages tels que les cong\u00e9s, les prestations de retraite et les indemnit\u00e9s d\u2019invalidit\u00e9 ; jouissance des allocations familiales et conjugales et de l\u2019assurance ch\u00f4mage ; le droit au salaire et \u00e0 des am\u00e9nagements sp\u00e9ciaux pendant la grossesse, l\u2019accouchement et les soins aux nourrissons.<\/p>\n<p>8- Libert\u00e9 absolue dans le choix du conjoint et du mariage, qui ne peut avoir lieu qu\u2019avec le consentement des deux parties et enregistr\u00e9 aupr\u00e8s d\u2019une autorit\u00e9 l\u00e9gale. Le mariage avant l\u2019\u00e2ge l\u00e9gal est interdit. Dans la vie familiale, toute forme de contrainte ou de coercition \u00e0 l\u2019\u00e9gard de l\u2019\u00e9pouse est interdite.<\/p>\n<p>9- Droit \u00e9gal au divorce ; le divorce doit \u00eatre trait\u00e9 par des autorit\u00e9s judiciaires qualifi\u00e9es ; les femmes et les hommes sont \u00e9gaux dans la pr\u00e9sentation des motifs de divorce ; la garde des enfants et la pension alimentaire ainsi que les r\u00e8glements financiers seront d\u00e9termin\u00e9s par le verdict du divorce.<\/p>\n<p>10- Soutien aux veuves et divorc\u00e9es et aux enfants dont elles ont la garde ; la prise en charge sera assur\u00e9e par le syst\u00e8me national de protection sociale.<\/p>\n<p>11- Elimination des in\u00e9galit\u00e9s juridiques en mati\u00e8re de t\u00e9moignage, de tutelle, de garde et d\u2019h\u00e9ritage. La polygamie sera interdite.<\/p>\n<p>12- Interdiction de toute forme d\u2019exploitation sexuelle des femmes sous quelque pr\u00e9texte que ce soit et abrogation de toutes les coutumes, lois et dispositions autorisant le p\u00e8re, la m\u00e8re, le tuteur ou autre \u00e0 donner une fille ou une femme, sous pr\u00e9texte de mariage ou autre.<\/p>\n<p>&nbsp;<\/p>\n<ul>\n<li>Il est \u00e9vident que ces principes, droits et libert\u00e9s prennent non seulement en consid\u00e9ration l\u2019\u00e9mancipation des femmes, mais aussi la lib\u00e9ration historique des femmes et des hommes iraniens ensemble.<\/li>\n<\/ul>\n<p>[\/vc_column_text][vc_single_image image=&#8221;17858&#8243; img_size=&#8221;full&#8221; alignment=&#8221;center&#8221; style=&#8221;vc_box_shadow_3d&#8221;][\/vc_column][\/vc_row]<\/p>\n<\/div>","protected":false},"excerpt":{"rendered":"<p>[vc_row][vc_column][vc_column_text] Plan des libert\u00e9s et des droits des femmes dans l\u2019iran libre de demain En 1987, le Conseil national de la R\u00e9sistance iranienne a adopt\u00e9 \u00e0 l\u2019unanimit\u00e9 le plan sur les libert\u00e9s et les droits des femmes. En mars 2010, dans une conf\u00e9rence au Parlement europ\u00e9en intitul\u00e9e \u00ab Les femmes \u00e0 l\u2019avant-garde d\u2019un changement d\u00e9mocratique [&hellip;]<\/p>\n","protected":false},"author":1,"featured_media":17858,"parent":0,"menu_order":0,"comment_status":"closed","ping_status":"closed","template":"","meta":{"jnews_page_loop":{"enable_page_loop":"0","first_title":"Latest Post","second_title":"","header_type":"heading_6","header_background":"","header_text_color":"","layout":"right-sidebar","sidebar":"default-sidebar","second_sidebar":"default-sidebar","sticky_sidebar":"1","module":"3","boxed":"0","boxed_shadow":"0","box_shadow":"0","excerpt_length":"20","content_date":"default","date_custom":"Y\/m\/d","content_pagination":"nav_1","pagination_align":"center","show_navtext":"0","show_pageinfo":"0","post_offset":"0","posts_per_page":"5","include_post":"","exclude_post":"","include_category":"","exclude_category":"","include_author":"","include_tag":"","exclude_tag":"","sort_by":"latest"},"jnews_single_page":{"layout":"right-sidebar","sidebar":"default-sidebar","second_sidebar":"default-sidebar","sticky_sidebar":"1","show_post_featured":"0","show_post_meta":"0","share_position":"bottom","share_color":"share-monocrhome"},"jnews_social_meta":{"fb_title":"","fb_description":"","fb_image":"","twitter_title":"","twitter_description":"","twitter_image":""},"footnotes":""},"class_list":["post-7466","page","type-page","status-publish","has-post-thumbnail","hentry"],"_links":{"self":[{"href":"https:\/\/wncri.org\/fr\/wp-json\/wp\/v2\/pages\/7466","targetHints":{"allow":["GET"]}}],"collection":[{"href":"https:\/\/wncri.org\/fr\/wp-json\/wp\/v2\/pages"}],"about":[{"href":"https:\/\/wncri.org\/fr\/wp-json\/wp\/v2\/types\/page"}],"author":[{"embeddable":true,"href":"https:\/\/wncri.org\/fr\/wp-json\/wp\/v2\/users\/1"}],"replies":[{"embeddable":true,"href":"https:\/\/wncri.org\/fr\/wp-json\/wp\/v2\/comments?post=7466"}],"version-history":[{"count":6,"href":"https:\/\/wncri.org\/fr\/wp-json\/wp\/v2\/pages\/7466\/revisions"}],"predecessor-version":[{"id":17862,"href":"https:\/\/wncri.org\/fr\/wp-json\/wp\/v2\/pages\/7466\/revisions\/17862"}],"wp:featuredmedia":[{"embeddable":true,"href":"https:\/\/wncri.org\/fr\/wp-json\/wp\/v2\/media\/17858"}],"wp:attachment":[{"href":"https:\/\/wncri.org\/fr\/wp-json\/wp\/v2\/media?parent=7466"}],"curies":[{"name":"wp","href":"https:\/\/api.w.org\/{rel}","templated":true}]}}