{"id":7454,"date":"2019-07-01T09:47:22","date_gmt":"2019-07-01T07:47:22","guid":{"rendered":"https:\/\/wncri.org\/frdev\/?page_id=7454"},"modified":"2020-04-25T00:57:02","modified_gmt":"2020-04-24T22:57:02","slug":"maryam-rajavi","status":"publish","type":"page","link":"https:\/\/wncri.org\/fr\/maryam-rajavi\/","title":{"rendered":"Qui est Maryam Radjavi, la dirigeante de l&#8217;opposition iranienne?"},"content":{"rendered":"<div class=\"wpb-content-wrapper\"><p>[vc_row][vc_column width=&#8221;2\/3&#8243;][vc_column_text]CNRI Femmes &#8211; Le principal mouvement d&#8217;opposition pour le <a href=\"https:\/\/www.maryam-rajavi.com\/fr\/points-de-vue\/programme-politique-iran\" target=\"_blank\" rel=\"noopener noreferrer\">changement de r\u00e9gime<\/a> en Iran est dirig\u00e9 par <a href=\"https:\/\/www.maryam-rajavi.com\/fr\/biographie\" target=\"_blank\" rel=\"noopener noreferrer\">une femme<\/a>, Maryam Radjavi.<\/p>\n<p>Maryam Radjavi est n\u00e9e le 4 d\u00e9cembre 1953 dans une famille de la classe moyenne. Elle est la quatri\u00e8me enfant d\u2019une fratrie de cinq, trois soeurs et deux fr\u00e8res.<\/p>\n<p>Sa s\u0153ur a\u00een\u00e9e, Narguesse, a \u00e9t\u00e9 tu\u00e9e par la SAVAK du chah en 1975, et une s\u0153ur cadette, Massoumeh, qui \u00e9tait enceinte \u00e0 l\u2019\u00e9poque, a \u00e9t\u00e9 arr\u00eat\u00e9e en 1982 par le corps des gardiens de la r\u00e9volution du r\u00e9gime iranien, tortur\u00e9e pendant des mois, puis pendue.<\/p>\n<p><u>\u00a0<\/u>[\/vc_column_text][\/vc_column][vc_column width=&#8221;1\/3&#8243;][vc_single_image image=&#8221;7457&#8243; img_size=&#8221;full&#8221; alignment=&#8221;center&#8221; style=&#8221;vc_box_shadow_3d&#8221;][\/vc_column][\/vc_row][vc_row][vc_column][vc_column_text]<\/p>\n<h4><strong>Les premi\u00e8res ann\u00e9es<\/strong><\/h4>\n<p>Dans ce qui l\u2019a pouss\u00e9e \u00e0 rejoindre la r\u00e9sistance du peuple iranien pour la libert\u00e9 et la d\u00e9mocratie, Maryam Radjavi avait \u00e0 peine 10 ans quand elle a \u00e9t\u00e9 la premi\u00e8re \u00e0 assister \u00e0 la r\u00e9pression brutale par la dictature. Maryam \u00e9tait chez elle, assise \u00e0 la fen\u00eatre, regardant une manifestation dans la rue, quand elle a vu la Garde imp\u00e9riale du chah ouvrir le feu sur la foule lors des manifestations majeures du 5 juin 1963.<\/p>\n<p>D\u00e9couvrant la douleur et la souffrance de la population, Maryam Radjavi a d\u00e9cid\u00e9 d\u2019orienter sa vie dans le monde de la lutte.<\/p>\n<p>Elle s&#8217;est familiaris\u00e9e avec l&#8217;Organisation des Moudjahidine du peuple d&#8217;Iran (l\u2019OMPI\/MEK) en 1970 par le biais \u00e0 son fr\u00e8re a\u00een\u00e9, Mahmoud, alors qu&#8217;elle fr\u00e9quentait le lyc\u00e9e Hadaf \u00e0 T\u00e9h\u00e9ran.<\/p>\n<p>Maryam Radjavi a suivi ses \u00e9tudes sup\u00e9rieures \u00e0 l&#8217;universit\u00e9 de technologie Charif de T\u00e9h\u00e9ran, class\u00e9e parmi les meilleures en Iran, o\u00f9 elle a obtenu un dipl\u00f4me d&#8217;ing\u00e9nieur m\u00e9tallurgiste.<\/p>\n<p>Pendant ses \u00e9tudes universitaires, elle a intensifi\u00e9 ses activit\u00e9s politiques contre <a href=\"https:\/\/www.maryam-rajavi.com\/fr\/item\/le-chainon-manquant-de-120-annees-de-lutte\" target=\"_blank\" rel=\"noopener noreferrer\">la dictature du chah<\/a> et a form\u00e9 un groupe avec d&#8217;autres \u00e9tudiants. \u00a0Elle est devenue membre de l&#8217;OMPI en 1977.<\/p>\n<p><strong>\u00a0<\/strong><\/p>\n<h4><strong>Activit\u00e9s politiques<\/strong><\/h4>\n<p>Pendant la <a href=\"https:\/\/www.maryam-rajavi.com\/fr\/item\/maryam-radjavi-chah-renverse-1979-maintenant-mollahs\" target=\"_blank\" rel=\"noopener noreferrer\">r\u00e9volution anti-monarchique de 1979<\/a> en Iran, en tant que membre actif de l&#8217;OMPI, Maryam Radjavi a organis\u00e9 un large \u00e9ventail d&#8217;\u00e9tudiants.<\/p>\n<p>Elle a dirig\u00e9 une organisation \u00e9tudiante de soutien \u00e0 l&#8217;OMPI de 1973 \u00e0 1979. Lors du soul\u00e8vement de 1979, avec plusieurs autres membres de l&#8217;OMPI, Maryam Radjavi a fond\u00e9 la premi\u00e8re organisation \u00e9tudiante affili\u00e9e \u00e0 l&#8217;OMPI appel\u00e9e Association des \u00e9tudiants musulmans de l&#8217;universit\u00e9 de technologie de Charif. Apr\u00e8s la r\u00e9volution du 11 f\u00e9vrier 1979 qui a renvers\u00e9 le chah, Maryam Radjavi a poursuivi ses activit\u00e9s politiques dans la section sociale de l&#8217;organisation. Elle \u00e9tait une figure connue des \u00e9tudiants \u00e0 T\u00e9h\u00e9ran.<\/p>\n<p>Elle a \u00e9t\u00e9 d\u00e9sign\u00e9e comme candidate \u00e0 la premi\u00e8re \u00e9lection l\u00e9gislative post-r\u00e9volutionnaire en 1979. Malgr\u00e9 la fraude massive pour emp\u00eacher l&#8217;\u00e9lection de tout candidat de l&#8217;OMPI, elle a re\u00e7u plus d&#8217;un quart de million de voix \u00e0 T\u00e9h\u00e9ran.<\/p>\n<p><strong>\u00a0<\/strong><\/p>\n<h4><strong>Briser le plafond de verre<\/strong><\/h4>\n<p>En f\u00e9vrier 1985, Maryam Radjavi est devenue la co-dirigeante des Moudjahidine du peuple d\u2019Iran. En 1989, elle a \u00e9t\u00e9 d\u00e9clar\u00e9e secr\u00e9taire g\u00e9n\u00e9rale de <a href=\"https:\/\/www.maryam-rajavi.com\/fr\/item\/maryam-radjavi-anniversaire-fondation-organisation-moudjahidine-peuple-iran-achraf3\" target=\"_blank\" rel=\"noopener noreferrer\">l&#8217;Organisation des Moudjahidine du peuple d&#8217;Iran<\/a>, et en 1993, elle a \u00e9t\u00e9 \u00e9lue pr\u00e9sidente \u00e9lue du <a href=\"https:\/\/www.maryam-rajavi.com\/fr\/item\/maryam-radjavi-existe-alternative-viable-pouvant-renverser-mollahs-reconstruire-iran\" target=\"_blank\" rel=\"noopener noreferrer\">Conseil national de la R\u00e9sistance iranienne<\/a> pour la <a href=\"https:\/\/www.maryam-rajavi.com\/fr\/viewpoints\/human-rights\" target=\"_blank\" rel=\"noopener noreferrer\">p\u00e9riode transitoire<\/a> de transfert du pouvoir au peuple d&#8217;Iran.<\/p>\n<p>&nbsp;<\/p>\n<p>La pr\u00e9sence de Maryam Radjavi \u00e0 la direction de l&#8217;OMPI est un t\u00e9moignage de la comp\u00e9tence et de la large participation des femmes iraniennes, en particulier \u00e0 l&#8217;OMPI, dans <a href=\"https:\/\/www.maryam-rajavi.com\/fr\/points-de-vue\/droits-femme-iran\" target=\"_blank\" rel=\"noopener noreferrer\">la lutte contre le r\u00e9gime des mollahs<\/a>. C&#8217;est aussi le point culminant de leurs sacrifices et de leur r\u00e9sistance h\u00e9ro\u00efque dans les prisons m\u00e9di\u00e9vales du r\u00e9gime o\u00f9 la torture des prisonniers politiques est syst\u00e9mique.<\/p>\n<p>Avec Maryam Radjavi au gouvernail, les femmes occupent des postes de direction et de d\u00e9cision dans la plus grande organisation d&#8217;opposition en Iran, une transformation remarquable dans un mouvement engag\u00e9 dans la plus formidable lutte contre l&#8217;int\u00e9grisme. C&#8217;est exactement ce qui peut amener une v\u00e9ritable \u00e9galit\u00e9 des sexes en Iran.<\/p>\n<p>Par ailleurs, plus de 50 % des membres du Conseil national de la R\u00e9sistance iranienne (CNRI), le parlement de la R\u00e9sistance en exil, sont des femmes exer\u00e7ant diverses responsabilit\u00e9s dans les domaines politique, international, social et culturel.<\/p>\n<p>&nbsp;<\/p>\n<h4><strong>Campagne internationale<\/strong><\/h4>\n<p>En tant que pr\u00e9sidente \u00e9lue de la R\u00e9sistance iranienne, Maryam Radjavi a men\u00e9 de nombreuses campagnes pour faire avancer le mouvement, en pr\u00e9sentant au monde le ph\u00e9nom\u00e8ne du fondamentalisme religieux comme <a href=\"https:\/\/www.maryam-rajavi.com\/fr\/points-de-vue\/solution-crise-syrie-moyen-orient\" target=\"_blank\" rel=\"noopener noreferrer\">une menace majeure<\/a> pour la paix et la s\u00e9curit\u00e9 mondiales.<\/p>\n<p>Elle a \u00e9galement pr\u00e9sent\u00e9 la \u00ab\u00a0<a href=\"https:\/\/www.maryam-rajavi.com\/fr\/points-de-vue\/changement-regime-iran\" target=\"_blank\" rel=\"noopener noreferrer\">Troisi\u00e8me voie\u00a0<\/a>\u00bb en r\u00e9ponse \u00e0 la crise iranienne, \u00e9tabli un front mondial contre l&#8217;int\u00e9grisme en solidarit\u00e9 avec le peuple iranien et sa R\u00e9sistance, men\u00e9 une campagne internationale pour supprimer la d\u00e9signation terroriste injuste coll\u00e9e \u00e0 l&#8217;OMPI\/MEK, et lanc\u00e9 une campagne internationale pour sauver les combattants de la libert\u00e9 iraniens qui se trouvaient en Irak.<\/p>\n<p>Elle a enfin lanc\u00e9 le mouvement pour la justice en faveur des <a href=\"https:\/\/www.maryam-rajavi.com\/fr\/item\/maryam-radjavi-mouvement-continue-jusqu-proces-bourreaux\" target=\"_blank\" rel=\"noopener noreferrer\">victimes du massacre de 1988<\/a>, entre autres.<\/p>\n<p><u>\u00a0<\/u><\/p>\n<h4><strong>Points de vue<\/strong><\/h4>\n<p>Maryam Radjavi a beaucoup parl\u00e9 de l&#8217;int\u00e9grisme comme une menace mondiale majeure et sp\u00e9cifiquement comme une menace pour les r\u00e9alisations du mouvement pour l&#8217;\u00e9galit\u00e9 des sexes.<\/p>\n<p>Ses travaux sur ce sujet important comprennent \u00ab\u00a0L\u2019islam, les femmes et l\u2019\u00e9galit\u00e9\u00a0\u00bb, \u00ab\u00a0Les femmes, force de changement\u00a0\u00bb, \u00ab\u00a0Les femmes contre l\u2019int\u00e9grisme\u00bb et \u00ab\u00a0Non au voile obligatoire, non \u00e0 la religion obligatoire, non au gouvernement obligatoire\u00a0\u00bb.<\/p>\n<p>Dans son livre \u00ab\u00a0Les femmes, force de changement\u00a0\u00bb, Maryam Radjavi parle de la participation des femmes <a href=\"https:\/\/www.maryam-rajavi.com\/fr\/item\/maryam-radjavi-femmes-changement-vaincront-dictature-religieuse-mollahs-integristes-iran\" target=\"_blank\" rel=\"noopener noreferrer\">aux postes de direction<\/a> :<\/p>\n<p>\u00ab\u00a0La notion de <a href=\"https:\/\/www.maryam-rajavi.com\/fr\/item\/maryam-radjavi-le-leadership-des-femmes-et-une-generation-d-hommes-pour-l-egalite-et-l-emancipation-a-l-occasion-de-la-journee-internationale-des-femmes2017\" target=\"_blank\" rel=\"noopener noreferrer\">leadership<\/a> \u00e0 laquelle nous faisons r\u00e9f\u00e9rence est le produit de l&#8217;\u00e9panouissement d&#8217;une facette humaine et met l&#8217;accent sur les relations humaines. Cela repr\u00e9sente une grande r\u00e9bellion contre la domination masculine et la culture r\u00e9gressive. Par cons\u00e9quent, lorsque les femmes ont assum\u00e9 des postes de direction dans notre mouvement de r\u00e9sistance, nous n&#8217;envisagions pas seulement un changement de style de gestion. L&#8217;objectif \u00e9tait d&#8217;\u00e9liminer la discrimination sexuelle. Ce n&#8217;\u00e9tait pas comme si les hommes quittaient leurs postes pour laisser la place aux femmes et pr\u00e9server le m\u00eame type de relations et les m\u00eames m\u00e9thodes. Ce n&#8217;est pas comme si les femmes marchaient sur les traces de leurs pr\u00e9d\u00e9cesseurs masculins ou s&#8217;inscrivaient dans un club domin\u00e9 par les hommes. Absolument pas. L&#8217;objectif \u00e9tait de remplacer les relations obsol\u00e8tes fond\u00e9es sur une id\u00e9ologie masculine par des relations humaines.\u00a0\u00bb<\/p>\n<p>\u00ab\u00a0La pr\u00e9sence des femmes \u00e0 divers \u00e9chelons de la direction et de la gestion a certes \u00e9t\u00e9 un pas en avant. Mais si \u00e7a n\u2019avait pas \u00e9t\u00e9 accompagn\u00e9 par une r\u00e9volution fondamentale dans la culture et dans les relations hommes et femmes, et si cela n\u2019avait pas instaur\u00e9 l\u2019\u00e9galit\u00e9 et la solidarit\u00e9, ces acquis auraient \u00e9t\u00e9 r\u00e9versibles.<\/p>\n<p>\u00ab\u00a0Et c\u2019est exactement l\u00e0 o\u00f9 se trouve le message original de notre r\u00e9sistance. Le leadership des femmes ne peut se mettre en place sous la forme d\u2019une institution durable qu\u2019en \u00e9tant n\u00e9cessairement accompagn\u00e9 par des hommes convaincus d\u2019\u00e9galit\u00e9 et qui acceptent des responsabilit\u00e9s dans ce domaine.<\/p>\n<p>\u00ab\u00a0Sans la pr\u00e9sence d\u2019hommes ch\u00e9rissant la cause de l\u2019\u00e9galit\u00e9 et se battant pour l\u2019instaurer, la direction des femmes ne pourrait v\u00e9ritablement exister. L\u2019exp\u00e9rience du leadership des femmes dans notre mouvement est devenue possible gr\u00e2ce au r\u00f4le de pionniers des hommes dans ce monde nouveau.\u00a0\u00bb<\/p>\n<p>Maryam Radjavi a ajout\u00e9: \u00ab\u00a0Il est donc juste de dire que le 21e si\u00e8cle appartient aux femmes. Nous devons toutefois nous rappeler que le leadership des femmes est authentique lorsqu&#8217;il ouvre la voie \u00e0 des <a href=\"https:\/\/www.maryam-rajavi.com\/fr\/item\/maryam-rajavi-pmoi-women-international-conference-ashraf-iranian-resistance\" target=\"_blank\" rel=\"noopener noreferrer\">relations humaines<\/a> et \u00e0 une v\u00e9ritable \u00e9galit\u00e9 entre les hommes et les femmes, et \u00e0 l&#8217;engagement d&#8217;une longue lign\u00e9e d&#8217;hommes qui croient en l&#8217;\u00e9galit\u00e9.<\/p>\n<p>\u00ab\u00a0Un r\u00e9gime qui emp\u00eache la participation d&#8217;une grande partie de la population \u00e0 la gestion des affaires de son pays, se retrouve avec la <a href=\"https:\/\/www.maryam-rajavi.com\/fr\/item\/maryam-rajavi-speech-free-iran-ashraf\" target=\"_blank\" rel=\"noopener noreferrer\">tyrannie absolue<\/a>, le totalitarisme, le monopole du pouvoir, la prise de d\u00e9cision secr\u00e8te, la corruption et la r\u00e9pression, avec le gaspillage des richesses et des ressources du pays.<\/p>\n<p>\u00ab\u00a0Le leadership des femmes est la solution \u00e0 ce dilemme, qui est devenu universel dans le monde d&#8217;aujourd&#8217;hui. Je dois souligner que l\u00e0 o\u00f9 il n&#8217;y a pas de d\u00e9mocratie, vous ne pouvez pas la r\u00e9aliser sans une participation \u00e9gale des femmes au leadership.\u00a0\u00bb[\/vc_column_text][\/vc_column][\/vc_row]<\/p>\n<\/div>","protected":false},"excerpt":{"rendered":"<p>[vc_row][vc_column width=&#8221;2\/3&#8243;][vc_column_text]CNRI Femmes &#8211; Le principal mouvement d&#8217;opposition pour le changement de r\u00e9gime en Iran est dirig\u00e9 par une femme, Maryam Radjavi. Maryam Radjavi est n\u00e9e le 4 d\u00e9cembre 1953 dans une famille de la classe moyenne. Elle est la quatri\u00e8me enfant d\u2019une fratrie de cinq, trois soeurs et deux fr\u00e8res. Sa s\u0153ur a\u00een\u00e9e, Narguesse, [&hellip;]<\/p>\n","protected":false},"author":1,"featured_media":7207,"parent":0,"menu_order":0,"comment_status":"closed","ping_status":"closed","template":"","meta":{"jnews_page_loop":{"enable_page_loop":"0","first_title":"Latest Post","second_title":"","header_type":"heading_6","header_background":"","header_text_color":"","layout":"right-sidebar","sidebar":"default-sidebar","second_sidebar":"default-sidebar","sticky_sidebar":"1","module":"3","boxed":"0","boxed_shadow":"0","box_shadow":"0","excerpt_length":"20","content_date":"default","date_custom":"Y\/m\/d","content_pagination":"nav_1","pagination_align":"center","show_navtext":"0","show_pageinfo":"0","post_offset":"0","posts_per_page":"5","include_post":"","exclude_post":"","include_category":"","exclude_category":"","include_author":"","include_tag":"","exclude_tag":"","sort_by":"latest"},"jnews_single_page":{"layout":"right-sidebar","sidebar":"default-sidebar","second_sidebar":"default-sidebar","sticky_sidebar":"1","show_post_featured":"1","show_post_meta":"0","share_position":"bottom","share_color":"share-monocrhome"},"jnews_social_meta":[],"footnotes":""},"class_list":["post-7454","page","type-page","status-publish","has-post-thumbnail","hentry"],"_links":{"self":[{"href":"https:\/\/wncri.org\/fr\/wp-json\/wp\/v2\/pages\/7454","targetHints":{"allow":["GET"]}}],"collection":[{"href":"https:\/\/wncri.org\/fr\/wp-json\/wp\/v2\/pages"}],"about":[{"href":"https:\/\/wncri.org\/fr\/wp-json\/wp\/v2\/types\/page"}],"author":[{"embeddable":true,"href":"https:\/\/wncri.org\/fr\/wp-json\/wp\/v2\/users\/1"}],"replies":[{"embeddable":true,"href":"https:\/\/wncri.org\/fr\/wp-json\/wp\/v2\/comments?post=7454"}],"version-history":[{"count":0,"href":"https:\/\/wncri.org\/fr\/wp-json\/wp\/v2\/pages\/7454\/revisions"}],"wp:featuredmedia":[{"embeddable":true,"href":"https:\/\/wncri.org\/fr\/wp-json\/wp\/v2\/media\/7207"}],"wp:attachment":[{"href":"https:\/\/wncri.org\/fr\/wp-json\/wp\/v2\/media?parent=7454"}],"curies":[{"name":"wp","href":"https:\/\/api.w.org\/{rel}","templated":true}]}}